{"id":93,"date":"2021-12-27T21:40:19","date_gmt":"2021-12-27T20:40:19","guid":{"rendered":"https:\/\/martanam.pl\/?page_id=93"},"modified":"2023-11-13T13:10:32","modified_gmt":"2023-11-13T12:10:32","slug":"zabiegi","status":"publish","type":"page","link":"https:\/\/martanam.pl\/index.php\/zabiegi\/","title":{"rendered":"Oferta"},"content":{"rendered":"\n<h2 class=\"wp-block-heading has-text-align-center\">Japo\u0144ski Cosmo lifting twarzy Sorensensistem&#x2122; <\/h2>\n\n\n\n<div class=\"wp-block-columns is-layout-flex wp-container-core-columns-is-layout-9d6595d7 wp-block-columns-is-layout-flex\">\n<div class=\"wp-block-column is-layout-flow wp-block-column-is-layout-flow\">\n<figure class=\"wp-block-image size-large\"><img loading=\"lazy\" decoding=\"async\" width=\"1024\" height=\"683\" src=\"https:\/\/martanam.pl\/wp-content\/uploads\/2021\/12\/lifting-3-1024x683.jpg\" alt=\"\" class=\"wp-image-178\" srcset=\"https:\/\/martanam.pl\/wp-content\/uploads\/2021\/12\/lifting-3-1024x683.jpg 1024w, https:\/\/martanam.pl\/wp-content\/uploads\/2021\/12\/lifting-3-300x200.jpg 300w, https:\/\/martanam.pl\/wp-content\/uploads\/2021\/12\/lifting-3-768x512.jpg 768w, https:\/\/martanam.pl\/wp-content\/uploads\/2021\/12\/lifting-3-1536x1024.jpg 1536w, https:\/\/martanam.pl\/wp-content\/uploads\/2021\/12\/lifting-3-2048x1366.jpg 2048w, https:\/\/martanam.pl\/wp-content\/uploads\/2021\/12\/lifting-3-90x60.jpg 90w, https:\/\/martanam.pl\/wp-content\/uploads\/2021\/12\/lifting-3-370x247.jpg 370w, https:\/\/martanam.pl\/wp-content\/uploads\/2021\/12\/lifting-3-776x517.jpg 776w\" sizes=\"auto, (max-width: 1024px) 100vw, 1024px\" \/><\/figure>\n<\/div>\n\n\n\n<div class=\"wp-block-column is-layout-flow wp-block-column-is-layout-flow\">\n<p>Jest to wszechstronny masa\u017c twarzy stworzony przez Lone Sorensen, kt\u00f3ry poprzez stymulacj\u0119 punkt\u00f3w neuro-odruchowych na twarzy g\u0142\u0119boko oddzia\u0142uje na tkanki pobudzaj\u0105c naturalne procesy regeneracji twarzy i ca\u0142ego cia\u0142a. Silnie liftinguje, poprawia napi\u0119cie sk\u00f3ry, owal twarzy, sp\u0142yca zmarszczki, zmniejsza obrz\u0119ki. Dog\u0142\u0119bnie stymuluje strefy na twarzy odpowiedzialne za harmonizacj\u0119 uk\u0142ad\u00f3w ( hormonalnego, trawiennego, limfatycznego) oraz odprowadzenie toksyn z organizmu. Jest polecany w ka\u017cdym wieku. Doskonale stymuluje produkcje kolagenu, tonizuje i w spos\u00f3b nieinwazyjny znacz\u0105co poprawia wygl\u0105d i estetyk\u0119 twarzy. Zalecana jest seria zabieg\u00f3w.<\/p>\n\n\n\n<p>Zabieg trwa 1h.<\/p>\n<\/div>\n<\/div>\n\n\n\n<p>      <\/p>\n\n\n\n<h2 class=\"wp-block-heading has-text-align-center\">Tybeta\u0144ska refleksologia karku, g\u0142owy i szyi<\/h2>\n\n\n\n<div class=\"wp-block-columns is-layout-flex wp-container-core-columns-is-layout-9d6595d7 wp-block-columns-is-layout-flex\">\n<div class=\"wp-block-column is-layout-flow wp-block-column-is-layout-flow\">\n<figure class=\"wp-block-image size-large\"><img loading=\"lazy\" decoding=\"async\" width=\"1024\" height=\"726\" src=\"https:\/\/martanam.pl\/wp-content\/uploads\/2021\/12\/tibetan-neck-1024x726.jpg\" alt=\"\" class=\"wp-image-118\" srcset=\"https:\/\/martanam.pl\/wp-content\/uploads\/2021\/12\/tibetan-neck-1024x726.jpg 1024w, https:\/\/martanam.pl\/wp-content\/uploads\/2021\/12\/tibetan-neck-300x213.jpg 300w, https:\/\/martanam.pl\/wp-content\/uploads\/2021\/12\/tibetan-neck-768x545.jpg 768w, https:\/\/martanam.pl\/wp-content\/uploads\/2021\/12\/tibetan-neck-1536x1090.jpg 1536w, https:\/\/martanam.pl\/wp-content\/uploads\/2021\/12\/tibetan-neck-85x60.jpg 85w, https:\/\/martanam.pl\/wp-content\/uploads\/2021\/12\/tibetan-neck.jpg 1748w\" sizes=\"auto, (max-width: 1024px) 100vw, 1024px\" \/><\/figure>\n<\/div>\n\n\n\n<div class=\"wp-block-column is-layout-flow wp-block-column-is-layout-flow\">\n<p>Ten zabieg wykonywany bezpo\u015brednio na karku, g\u0142owie i szyi przynosi bardzo szybkie rezultaty. Ma wp\u0142yw na ca\u0142e cia\u0142o, przywraca r\u00f3wnowag\u0119 i rozlu\u017ania napi\u0119cie mi\u0119\u015bni. Metoda opiera si\u0119 o masa\u017c punkt\u00f3w neuro-odruchowych w miejscach trudno dost\u0119pnych do automasa\u017cu. Jest szczeg\u00f3lnie polecany przy b\u00f3lach g\u0142owy, l\u0119d\u017awi, przy zm\u0119czeniu wzroku, przeci\u0105\u017ceniu ramion i przy k\u0142opotach ze snem. Pomaga pozby\u0107 si\u0119 napi\u0119cia emocjonalnego, b\u00f3lu ko\u0144czyn, dr\u0119twie\u0144, zawrot\u00f3w g\u0142owy, polecany po udarach zmniejsza obrz\u0119ki, reguluje ci\u015bnienie t\u0119tnicze i jest pomocny przy b\u00f3lach reumatycznych . Dla os\u00f3b sp\u0119dzaj\u0105cych wiele godzin przy komputerze lub przy siedz\u0105cym trybie pracy i wielogodzinnym skupieniu.<\/p>\n\n\n\n<p>Zabieg trwa 45 min.<\/p>\n<\/div>\n<\/div>\n\n\n\n<h2 class=\"wp-block-heading has-text-align-center\">Muzykoterapia Kamertonowa &#8211; oczyszczanie i regulacja czakr<\/h2>\n\n\n\n<p><\/p>\n\n\n<div class=\"wp-block-image\">\n<figure class=\"alignleft size-medium is-resized\"><img loading=\"lazy\" decoding=\"async\" width=\"940\" height=\"788\" src=\"https:\/\/martanam.pl\/wp-content\/uploads\/2023\/10\/1-300x251.png\" alt=\"\" class=\"wp-image-354\" style=\"width:394px;height:auto\" srcset=\"https:\/\/martanam.pl\/wp-content\/uploads\/2023\/10\/1-300x251.png 300w, https:\/\/martanam.pl\/wp-content\/uploads\/2023\/10\/1-768x644.png 768w, https:\/\/martanam.pl\/wp-content\/uploads\/2023\/10\/1-72x60.png 72w, https:\/\/martanam.pl\/wp-content\/uploads\/2023\/10\/1.png 940w\" sizes=\"auto, (max-width: 940px) 100vw, 940px\" \/><\/figure>\n<\/div>\n\n\n<p>Czakry czyli centra energetyczne s\u0105 uto\u017csamiane w zachodniej medycynie ze splotami nerwowymi i gruczo\u0142ami dokrewnymi. Oddzia\u0142ujemy na nie poprzez cz\u0119stotliwo\u015bci instrument\u00f3w zwanych kamertonami. Doznania s\u0105 bardzo relaksuj\u0105ce i koj\u0105ce a odczucia &#8222;przep\u0142ywu energii&#8221; w ciele bardzo namacalne. Ka\u017cda z czakr pobudzona bardzo precyzyjn\u0105 cz\u0119stotliwo\u015bci\u0105 zostaje &#8222;nastrojona&#8221; do prawid\u0142owego dzia\u0142ania na rzecz organ\u00f3w i system\u00f3w, kt\u00f3re zaopatruje damy splot nerwowy powi\u0105zany z czakr\u0105.<\/p>\n\n\n\n<p class=\"has-text-align-right\">Zabieg trwa mi\u0119dzy 45min a 1h.<\/p>\n\n\n\n<h2 class=\"wp-block-heading has-text-align-center\">Refleksologia St\u00f3p &#8211; terapia reguluj\u0105ca <\/h2>\n\n\n<div class=\"wp-block-image\">\n<figure class=\"alignleft size-medium is-resized\"><img loading=\"lazy\" decoding=\"async\" width=\"300\" height=\"251\" src=\"https:\/\/martanam.pl\/wp-content\/uploads\/2023\/10\/nowosc-booksy-300x251.png\" alt=\"\" class=\"wp-image-357\" style=\"width:387px;height:auto\" srcset=\"https:\/\/martanam.pl\/wp-content\/uploads\/2023\/10\/nowosc-booksy-300x251.png 300w, https:\/\/martanam.pl\/wp-content\/uploads\/2023\/10\/nowosc-booksy-768x644.png 768w, https:\/\/martanam.pl\/wp-content\/uploads\/2023\/10\/nowosc-booksy-72x60.png 72w, https:\/\/martanam.pl\/wp-content\/uploads\/2023\/10\/nowosc-booksy.png 940w\" sizes=\"auto, (max-width: 300px) 100vw, 300px\" \/><\/figure>\n<\/div>\n\n\n<p>Refleksologia st\u00f3p harmonizuje i wspiera samoleczenie poprzez oddzia\u0142ywanie na zako\u0144czeniach nerwowych. Terapia reguluj\u0105ca polega na ucisku obszar\u00f3w wymagaj\u0105cych regulacji , jednak nie zawiera element\u00f3w b\u00f3lowych a dzia\u0142a na ich granicy po to by pobudzi\u0107 ale nie przestymulowa\u0107 &#8211; polecana jest osobom wra\u017cliwym i nadwra\u017cliwym.<\/p>\n\n\n\n<p>Zabieg trwa mi\u0119dzy 45min a 1h<\/p>\n\n\n\n<p><\/p>\n\n\n\n<h2 class=\"wp-block-heading has-text-align-center\">Badanie &#8211; Analiza Biorezonansowa<\/h2>\n\n\n\n<div class=\"wp-block-columns is-layout-flex wp-container-core-columns-is-layout-9d6595d7 wp-block-columns-is-layout-flex\">\n<div class=\"wp-block-column is-layout-flow wp-block-column-is-layout-flow\">\n<figure class=\"wp-block-image size-full\"><img loading=\"lazy\" decoding=\"async\" width=\"940\" height=\"788\" src=\"https:\/\/martanam.pl\/wp-content\/uploads\/2023\/11\/biorezonans.png\" alt=\"\" class=\"wp-image-371\" srcset=\"https:\/\/martanam.pl\/wp-content\/uploads\/2023\/11\/biorezonans.png 940w, https:\/\/martanam.pl\/wp-content\/uploads\/2023\/11\/biorezonans-300x251.png 300w, https:\/\/martanam.pl\/wp-content\/uploads\/2023\/11\/biorezonans-768x644.png 768w, https:\/\/martanam.pl\/wp-content\/uploads\/2023\/11\/biorezonans-72x60.png 72w\" sizes=\"auto, (max-width: 940px) 100vw, 940px\" \/><\/figure>\n<\/div>\n\n\n\n<div class=\"wp-block-column is-layout-flow wp-block-column-is-layout-flow\">\n<p>Skan kwantowym rezonansem magnetycznym &#8211; Quantum Resonance.  Relaksuj\u0105ce, kilkuminutowe badanie pokazuj\u0105ce funkcjonowanie najwa\u017cniejszych uk\u0142ad\u00f3w w organizmie:  <\/p>\n\n\n\n<ul class=\"wp-block-list\">\n<li>uk\u0142. krwiono\u015bnego\/naczyniowego<\/li>\n\n\n\n<li>uk\u0142. trwiennego &#8211; \u017co\u0142\u0105dka, jelit, w\u0105troby, woreczka \u017c., trzustki<\/li>\n\n\n\n<li>uk\u0142.oddechowego<\/li>\n\n\n\n<li>uk\u0142 hormonalnego<\/li>\n\n\n\n<li>uk\u0142.kostnego<\/li>\n\n\n\n<li>nerek<\/li>\n\n\n\n<li>wska\u017anik obci\u0105\u017ce\u0144 toksynami\/ alergenami \/ paso\u017cytami<\/li>\n\n\n\n<li>analiza niedobor\u00f3w mineralnych, aminokwas\u00f3w, koenzym\u00f3w, witamin, kolagenu, sk\u0142adnik\u00f3w od\u017cywczych<\/li>\n\n\n\n<li>analiza og\u00f3lnego stanu organizmu <\/li>\n\n\n\n<li>analiza faktycznego przyswajania suplementacji<\/li>\n<\/ul>\n\n\n\n<p>Badanie ma na celu dotarcie do przyczyn dysbalansu pracy organizmu. Daje precyzyjne wskaz\u00f3wki dotycz\u0105ce codziennego wsparcia w regeneracji i przywr\u00f3ceniu harmonii a tym samym przywr\u00f3cenia energii i dobrego samopoczucia.<\/p>\n\n\n\n<p>Analiza trwa kilka minut &#8211; om\u00f3wienie mi\u0119dzy 1h a 2h w zale\u017cno\u015bci od z\u0142o\u017cono\u015bci dolegliwo\u015bci.<\/p>\n<\/div>\n<\/div>\n\n\n\n<h2 class=\"wp-block-heading has-text-align-center\">Refleksologia Dien Chan<\/h2>\n\n\n<div class=\"wp-block-image\">\n<figure class=\"alignleft size-medium is-resized\"><img loading=\"lazy\" decoding=\"async\" width=\"300\" height=\"240\" src=\"https:\/\/martanam.pl\/wp-content\/uploads\/2023\/10\/kolaz-nowosc-dien-chan-w-marta-Nam-300x240.png\" alt=\"\" class=\"wp-image-350\" style=\"width:404px;height:auto\" srcset=\"https:\/\/martanam.pl\/wp-content\/uploads\/2023\/10\/kolaz-nowosc-dien-chan-w-marta-Nam-300x240.png 300w, https:\/\/martanam.pl\/wp-content\/uploads\/2023\/10\/kolaz-nowosc-dien-chan-w-marta-Nam-1024x819.png 1024w, https:\/\/martanam.pl\/wp-content\/uploads\/2023\/10\/kolaz-nowosc-dien-chan-w-marta-Nam-768x614.png 768w, https:\/\/martanam.pl\/wp-content\/uploads\/2023\/10\/kolaz-nowosc-dien-chan-w-marta-Nam-1536x1229.png 1536w, https:\/\/martanam.pl\/wp-content\/uploads\/2023\/10\/kolaz-nowosc-dien-chan-w-marta-Nam-75x60.png 75w, https:\/\/martanam.pl\/wp-content\/uploads\/2023\/10\/kolaz-nowosc-dien-chan-w-marta-Nam.png 2000w\" sizes=\"auto, (max-width: 300px) 100vw, 300px\" \/><\/figure>\n<\/div>\n\n\n<p>Metoda multi refleksologii Profesora Bui Quoc Chau jest bardzo sprawn\u0105 i natychmiastow\u0105 terapi\u0105 przeciwb\u00f3low\u0105 oraz metod\u0105 reguluj\u0105c\u0105 wszelkie dolegliwo\u015bci zdrowotne. Praca odbywa si\u0119 na twarzy na mapach punkt\u00f3w, mapach korespondencyjnych, ale r\u00f3wnie\u017c na ciele. W Dien Chan pos\u0142ugujemy si\u0119 narz\u0119dziami Yin\/Yang u\u0142atwiaj\u0105cymi rozproszenie nier\u00f3wnowagi. Dzia\u0142aj\u0105c na niewielkich obszarach osi\u0105gamy wielkie rezultaty poprawy zdrowia i harmonii cia\u0142a i umys\u0142u. <\/p>\n\n\n\n<p>Zabieg trwa mi\u0119dzy 45 min a 1h<\/p>\n\n\n\n<p><\/p>\n\n\n\n<h2 class=\"wp-block-heading has-text-align-center\">Sesja Odnowa CUD &#8211; Cia\u0142o, Umys\u0142, Dusza &#8211; Kamertonowe oczyszczanie i regulacja czakr + japo\u0144ski neuro masa\u017c twarzy z mask\u0105 regeneruj\u0105c\u0105<\/h2>\n\n\n\n<div class=\"wp-block-columns is-layout-flex wp-container-core-columns-is-layout-9d6595d7 wp-block-columns-is-layout-flex\">\n<div class=\"wp-block-column is-layout-flow wp-block-column-is-layout-flow\">\n<figure class=\"wp-block-image size-full is-resized\"><img loading=\"lazy\" decoding=\"async\" width=\"940\" height=\"788\" src=\"https:\/\/martanam.pl\/wp-content\/uploads\/2023\/11\/4.png\" alt=\"\" class=\"wp-image-362\" style=\"width:416px;height:auto\" srcset=\"https:\/\/martanam.pl\/wp-content\/uploads\/2023\/11\/4.png 940w, https:\/\/martanam.pl\/wp-content\/uploads\/2023\/11\/4-300x251.png 300w, https:\/\/martanam.pl\/wp-content\/uploads\/2023\/11\/4-768x644.png 768w, https:\/\/martanam.pl\/wp-content\/uploads\/2023\/11\/4-72x60.png 72w\" sizes=\"auto, (max-width: 940px) 100vw, 940px\" \/><\/figure>\n<\/div>\n\n\n\n<div class=\"wp-block-column is-layout-flow wp-block-column-is-layout-flow\">\n<p>To po\u0142\u0105czenie refleksologicznego masa\u017cu twarzy oraz cudownie odpr\u0119\u017caj\u0105cych i nastrajaj\u0105cych d\u017awi\u0119k\u00f3w kamerton\u00f3w. Ten niezwykle relaksuj\u0105cy zabieg zaczyna si\u0119 od masa\u017cu twarzy w towarzystwie regeneruj\u0105cej maski, kt\u00f3ra wprowadzana jest w trakcie masa\u017cu do g\u0142\u0119bszych warstw sk\u00f3ry &#8211; masa\u017c trwa ok 45 min. Nast\u0119pna faza to masa\u017c d\u017awi\u0119kiem, kt\u00f3rym oddzia\u0142ujemy na centra energetyczne poprzez cz\u0119stotliwo\u015bci kamerton\u00f3w. Ka\u017cda z czakr pobudzona przez kamerton zostaje &#8222;nastrojona&#8221; do prawid\u0142owego funkcjonowania na rzecz organ\u00f3w i system\u00f3w, kt\u00f3ry zaopatruje dany splot nerwowy powi\u0105zany z czakr\u0105 daj\u0105c natychmiastowe odczucie ulgi , lekko\u015bci i balansu. Sesja d\u017awi\u0119kowa trwa kolejne 45min.<\/p>\n\n\n\n<p>Zabieg trwa 90 min.<\/p>\n<\/div>\n<\/div>\n\n\n\n<h2 class=\"wp-block-heading has-text-align-center\">Japo\u0144ski Crystal lifting twarzy , szyi , dekoltu Sorensensistem&#x2122; <\/h2>\n\n\n\n<div class=\"wp-block-columns is-layout-flex wp-container-core-columns-is-layout-9d6595d7 wp-block-columns-is-layout-flex\">\n<div class=\"wp-block-column is-layout-flow wp-block-column-is-layout-flow\">\n<figure class=\"wp-block-image size-large\"><img loading=\"lazy\" decoding=\"async\" width=\"1024\" height=\"726\" src=\"https:\/\/martanam.pl\/wp-content\/uploads\/2021\/12\/cystal-1024x726.png\" alt=\"\" class=\"wp-image-111\" srcset=\"https:\/\/martanam.pl\/wp-content\/uploads\/2021\/12\/cystal-1024x726.png 1024w, https:\/\/martanam.pl\/wp-content\/uploads\/2021\/12\/cystal-300x213.png 300w, https:\/\/martanam.pl\/wp-content\/uploads\/2021\/12\/cystal-768x545.png 768w, https:\/\/martanam.pl\/wp-content\/uploads\/2021\/12\/cystal-1536x1090.png 1536w, https:\/\/martanam.pl\/wp-content\/uploads\/2021\/12\/cystal-85x60.png 85w, https:\/\/martanam.pl\/wp-content\/uploads\/2021\/12\/cystal.png 1748w\" sizes=\"auto, (max-width: 1024px) 100vw, 1024px\" \/><\/figure>\n<\/div>\n\n\n\n<div class=\"wp-block-column is-layout-flow wp-block-column-is-layout-flow\">\n<p>W metodzie Crystal Liftingu korzystamy z map refleksologicznych i punkt\u00f3w neuro-odruchowych  do masa\u017cu wykorzystuje si\u0119 kryszta\u0142owe \u0142y\u017ceczki, kamienie oraz kule.\u00a0To intensywna terapia liftinguj\u0105ca sk\u00f3r\u0119 twarzy, szyi, powiek, podbr\u00f3dka i dekoltu wykorzystuj\u0105ca energi\u0119 i moc kryszta\u0142u g\u00f3rskiego.  Czysty kwarc (inaczej kryszta\u0142 g\u00f3rski) , jest kamieniem o wielkiej mocy harmonizuj\u0105cej wszystkie czakry. Ma w\u0142a\u015bciwo\u015bci uzdrawiaj\u0105ce, pobudza uk\u0142ad odporno\u015bciowy, zwi\u0119ksza zdolno\u015bci parapsychiczne i bardzo korzystnie wp\u0142ywa na koncentracj\u0119 i pami\u0119\u0107 .  <\/p>\n\n\n\n<p>Zabieg trwa 1h.<\/p>\n<\/div>\n<\/div>\n\n\n\n<h2 class=\"wp-block-heading has-text-align-center\">Japo\u0144ska terapia oka Sorensensistem&#x2122; <\/h2>\n\n\n\n<div class=\"wp-block-columns is-layout-flex wp-container-core-columns-is-layout-9d6595d7 wp-block-columns-is-layout-flex\">\n<div class=\"wp-block-column is-layout-flow wp-block-column-is-layout-flow\">\n<figure class=\"wp-block-image size-large\"><img loading=\"lazy\" decoding=\"async\" width=\"1024\" height=\"726\" src=\"https:\/\/martanam.pl\/wp-content\/uploads\/2021\/12\/eye-2-1024x726.png\" alt=\"\" class=\"wp-image-129\" srcset=\"https:\/\/martanam.pl\/wp-content\/uploads\/2021\/12\/eye-2-1024x726.png 1024w, https:\/\/martanam.pl\/wp-content\/uploads\/2021\/12\/eye-2-300x213.png 300w, https:\/\/martanam.pl\/wp-content\/uploads\/2021\/12\/eye-2-768x545.png 768w, https:\/\/martanam.pl\/wp-content\/uploads\/2021\/12\/eye-2-1536x1090.png 1536w, https:\/\/martanam.pl\/wp-content\/uploads\/2021\/12\/eye-2-85x60.png 85w, https:\/\/martanam.pl\/wp-content\/uploads\/2021\/12\/eye-2.png 1748w\" sizes=\"auto, (max-width: 1024px) 100vw, 1024px\" \/><\/figure>\n<\/div>\n\n\n\n<div class=\"wp-block-column is-layout-flow wp-block-column-is-layout-flow\">\n<p>Ten masa\u017c skupia si\u0119 na obszarze powiek i okolicach oczu. Opuchni\u0119cia, zasinienia, zmarszczki, obwis\u0142e powieki lub worki pod oczami maj\u0105 r\u00f3\u017cne przyczyny i s\u0105 m.in objawami napi\u0119\u0107 zlokalizowanych w danych obszarach twarzy i g\u0142owy. Zabieg ten liftinguje i wp\u0142ywa na pi\u0119kn\u0105 form\u0119 oczu, na ich od\u017cywienie, tonizowanie, pi\u0119kniejszy kolor i blask. Wykonywany jest palcami &#8211; wp\u0142ywa na mi\u0119\u015bnie zlokalizowane wok\u00f3\u0142 oczu, na udro\u017cnienie i odprowadzenie limfy. Korzystnie wp\u0142ywa na jako\u015b\u0107 widzenia i stymulacj\u0119 nerw\u00f3w wzrokowych.<\/p>\n\n\n\n<p>Zabieg trwa mi\u0119dzy 45min a 1h<\/p>\n<\/div>\n<\/div>\n\n\n\n<p><\/p>\n","protected":false},"excerpt":{"rendered":"<p>Japo\u0144ski Cosmo lifting twarzy Sorensensistem&#x2122; Jest to wszechstronny masa\u017c twarzy stworzony przez Lone Sorensen, kt\u00f3ry poprzez stymulacj\u0119 punkt\u00f3w neuro-odruchowych na twarzy g\u0142\u0119boko oddzia\u0142uje na tkanki pobudzaj\u0105c naturalne procesy regeneracji twarzy &hellip; <\/p>\n","protected":false},"author":2,"featured_media":215,"parent":0,"menu_order":0,"comment_status":"closed","ping_status":"closed","template":"","meta":{"footnotes":""},"class_list":["post-93","page","type-page","status-publish","has-post-thumbnail","hentry"],"_links":{"self":[{"href":"https:\/\/martanam.pl\/index.php\/wp-json\/wp\/v2\/pages\/93","targetHints":{"allow":["GET"]}}],"collection":[{"href":"https:\/\/martanam.pl\/index.php\/wp-json\/wp\/v2\/pages"}],"about":[{"href":"https:\/\/martanam.pl\/index.php\/wp-json\/wp\/v2\/types\/page"}],"author":[{"embeddable":true,"href":"https:\/\/martanam.pl\/index.php\/wp-json\/wp\/v2\/users\/2"}],"replies":[{"embeddable":true,"href":"https:\/\/martanam.pl\/index.php\/wp-json\/wp\/v2\/comments?post=93"}],"version-history":[{"count":38,"href":"https:\/\/martanam.pl\/index.php\/wp-json\/wp\/v2\/pages\/93\/revisions"}],"predecessor-version":[{"id":377,"href":"https:\/\/martanam.pl\/index.php\/wp-json\/wp\/v2\/pages\/93\/revisions\/377"}],"wp:featuredmedia":[{"embeddable":true,"href":"https:\/\/martanam.pl\/index.php\/wp-json\/wp\/v2\/media\/215"}],"wp:attachment":[{"href":"https:\/\/martanam.pl\/index.php\/wp-json\/wp\/v2\/media?parent=93"}],"curies":[{"name":"wp","href":"https:\/\/api.w.org\/{rel}","templated":true}]}}