{"id":91,"date":"2021-12-27T21:39:36","date_gmt":"2021-12-27T20:39:36","guid":{"rendered":"https:\/\/martanam.pl\/?page_id=91"},"modified":"2023-11-13T13:39:19","modified_gmt":"2023-11-13T12:39:19","slug":"cennik","status":"publish","type":"page","link":"https:\/\/martanam.pl\/index.php\/zabiegi\/cennik\/","title":{"rendered":"Cennik"},"content":{"rendered":"\n<p class=\"has-text-align-center\">Japo\u0144ski Cosmo lifting twarzy  1h  195 z\u0142 z  mask\u0105 regeneruj\u0105c\u0105 230 z\u0142<\/p>\n\n\n\n<p class=\"has-text-align-center\">Japo\u0144ski Crystal lifting   1h   195 z\u0142<\/p>\n\n\n\n<p class=\"has-text-align-center\">Tybeta\u0144ska refleksologia g\u0142owy, karku i szyi    45min   180 z\u0142<\/p>\n\n\n\n<p class=\"has-text-align-center\">Terapia estetyczna oka     1h     195z\u0142<\/p>\n\n\n\n<p class=\"has-text-align-center\">Badanie &#8211; Analiza biorezonansowa   1-2h  125 z\u0142 &#8211; 200 z\u0142<\/p>\n\n\n\n<p class=\"has-text-align-center\">Refleksologia St\u00f3p Terapia Reguluj\u0105ca   45min-1h   170 z\u0142<\/p>\n\n\n\n<p class=\"has-text-align-center\">Sesja Kamertonowa Oczyszczanie i Regulacja Czakr   45min-1h   180z\u0142<\/p>\n\n\n\n<p class=\"has-text-align-center\">Sesja &#8222;Odnowa CUD &#8211; cia\u0142o, umys\u0142, duch &#8211; kamert. oczyszcz. i reg. czakr + masa\u017c twarzy z mask\u0105 1,5h   295 z\u0142<\/p>\n\n\n\n<p><\/p>\n\n\n\n<p class=\"has-text-align-center\"><strong>W pakietach korzystniej<\/strong> :<\/p>\n\n\n\n<p class=\"has-text-align-center\"> Bardzo polecam Ci po\u0142\u0105czenie terapii estetycznych z tybeta\u0144sk\u0105 refleksologi\u0105 g\u0142owy (zw\u0142aszcza przy pierwszej wizycie oraz zwyczajnie wtedy gdy czujesz obci\u0105\u017cenie na ramionach, karku, g\u0142owie) &#8211; je\u015bli odbarczony zostanie odcinek szyjny oraz rozlu\u017anione zostan\u0105 mi\u0119\u015bnie okalaj\u0105ce g\u0142ow\u0119, w\u00f3wczas efekt masa\u017cu twarzy jest o wiele wi\u0119kszy i bardziej trwa\u0142y. Nast\u0119puje g\u0142\u0119bokie zharmonizowanie organ\u00f3w wewn\u0119trznych a uczucie g\u0142\u0119bokiego po\u0142\u0105czenia z cia\u0142em pozostaje z Tob\u0105 na d\u0142u\u017cej. <\/p>\n\n\n\n<p class=\"has-text-align-center\">Po\u0142\u0105czone zabiegi nazwali\u015bcie rytua\u0142ami bo czujecie si\u0119 po nich jakby\u015bcie st\u0105pali w chmurach.<\/p>\n\n\n\n<p class=\"has-text-align-center\"><strong>Rytua\u0142y<\/strong><\/p>\n\n\n\n<p class=\"has-text-align-center\"> Japo\u0144ski Cosmo lifting twarzy  +  Tybeta\u0144ska refleksologia g\u0142owy, karku i szyi    1h30min   290z\u0142<\/p>\n\n\n\n<p class=\"has-text-align-center\">Japo\u0144ski Crystal lifting   +  Tybeta\u0144ska refleksologia g\u0142owy, karku i szyi    1h30min   290z\u0142 <\/p>\n\n\n\n<p class=\"has-text-align-center\">Terapia estetyczna oka  +  Tybeta\u0144ska refleksologia g\u0142owy, karku i szyi    1h30min   290z\u0142 <\/p>\n\n\n\n<p class=\"has-text-align-center\"><strong>Zabiegi Refleksologii<\/strong><\/p>\n\n\n\n<p class=\"has-text-align-center\">Zabiegi refleksologii s\u0105 skuteczne w\u00f3wczas &#8211; kiedy dbamy o ich regularno\u015b\u0107 &#8211; zw\u0142aszcza na pocz\u0105tku drogi spotkania powinny by\u0107 powtarzane co najmniej raz w tygodniu. Ich cz\u0119stotliwo\u015b\u0107 zmniejszamy wraz z zauwa\u017calnymi reakcjami organizmu &#8211; u niekt\u00f3rych ju\u017c po miesi\u0105cu , u innych nieco d\u0142u\u017cej. Wykup pakiet zabieg\u00f3w refleksologii &#8211; rabat w zale\u017cno\u015bci od ilo\u015bci zabieg\u00f3w wynosi od -10 % ( przy 4 zabiegach ) do -15% ( przy 6 zabiegach)  -20%  (powy\u017cej 8 zabieg\u00f3w )<\/p>\n\n\n\n<p class=\"has-text-align-center\"><strong>Pakiet 4<\/strong> zabieg\u00f3w refl. st\u00f3p : 612 z\u0142 (oszcz\u0119dzasz 68z\u0142 ) <\/p>\n\n\n\n<p class=\"has-text-align-center\"><strong>Pakiet 6<\/strong> zabieg\u00f3w refl. st\u00f3p 867z\u0142 (oszcz\u0119dzasz 153 z\u0142 )<\/p>\n\n\n\n<p class=\"has-text-align-center\"><strong>Pakiet 8<\/strong><strong>+<\/strong> zabieg\u00f3w refl. st\u00f3p 1088 z\u0142 (oszcz\u0119dzasz 272 z\u0142)<\/p>\n\n\n\n<p class=\"has-text-align-center\">Je\u015bli interesuje Ci\u0119 jakakolwiek inna konfiguracja, lub zestawienie zabieg\u00f3w i po\u0142\u0105czenie ich w pakiet &#8211; skontaktuj si\u0119 by dosta\u0107 indywidualn\u0105 ofert\u0119 : tel\/whatsup 513570123<\/p>\n\n\n<div class=\"wp-block-image\">\n<figure class=\"aligncenter size-full\"><img loading=\"lazy\" decoding=\"async\" width=\"240\" height=\"260\" src=\"https:\/\/martanam.pl\/wp-content\/uploads\/2022\/10\/cropped-Martanam-Nowe-logo-e1668424309951.png\" alt=\"\" class=\"wp-image-338\" srcset=\"https:\/\/martanam.pl\/wp-content\/uploads\/2022\/10\/cropped-Martanam-Nowe-logo-e1668424309951.png 240w, https:\/\/martanam.pl\/wp-content\/uploads\/2022\/10\/cropped-Martanam-Nowe-logo-e1668424309951-55x60.png 55w\" sizes=\"auto, (max-width: 240px) 100vw, 240px\" \/><\/figure>\n<\/div>\n\n\n<p><\/p>\n","protected":false},"excerpt":{"rendered":"<p>Japo\u0144ski Cosmo lifting twarzy 1h 195 z\u0142 z mask\u0105 regeneruj\u0105c\u0105 230 z\u0142 Japo\u0144ski Crystal lifting 1h 195 z\u0142 Tybeta\u0144ska refleksologia g\u0142owy, karku i szyi 45min 180 z\u0142 Terapia estetyczna oka &hellip; <\/p>\n","protected":false},"author":2,"featured_media":231,"parent":93,"menu_order":0,"comment_status":"closed","ping_status":"closed","template":"","meta":{"footnotes":""},"class_list":["post-91","page","type-page","status-publish","has-post-thumbnail","hentry"],"_links":{"self":[{"href":"https:\/\/martanam.pl\/index.php\/wp-json\/wp\/v2\/pages\/91","targetHints":{"allow":["GET"]}}],"collection":[{"href":"https:\/\/martanam.pl\/index.php\/wp-json\/wp\/v2\/pages"}],"about":[{"href":"https:\/\/martanam.pl\/index.php\/wp-json\/wp\/v2\/types\/page"}],"author":[{"embeddable":true,"href":"https:\/\/martanam.pl\/index.php\/wp-json\/wp\/v2\/users\/2"}],"replies":[{"embeddable":true,"href":"https:\/\/martanam.pl\/index.php\/wp-json\/wp\/v2\/comments?post=91"}],"version-history":[{"count":11,"href":"https:\/\/martanam.pl\/index.php\/wp-json\/wp\/v2\/pages\/91\/revisions"}],"predecessor-version":[{"id":380,"href":"https:\/\/martanam.pl\/index.php\/wp-json\/wp\/v2\/pages\/91\/revisions\/380"}],"up":[{"embeddable":true,"href":"https:\/\/martanam.pl\/index.php\/wp-json\/wp\/v2\/pages\/93"}],"wp:featuredmedia":[{"embeddable":true,"href":"https:\/\/martanam.pl\/index.php\/wp-json\/wp\/v2\/media\/231"}],"wp:attachment":[{"href":"https:\/\/martanam.pl\/index.php\/wp-json\/wp\/v2\/media?parent=91"}],"curies":[{"name":"wp","href":"https:\/\/api.w.org\/{rel}","templated":true}]}}