{"id":56,"date":"2021-12-27T19:41:18","date_gmt":"2021-12-27T18:41:18","guid":{"rendered":"https:\/\/martanam.pl\/?page_id=56"},"modified":"2024-09-17T14:47:47","modified_gmt":"2024-09-17T12:47:47","slug":"o-metodzie","status":"publish","type":"page","link":"https:\/\/martanam.pl\/index.php\/o-metodzie\/","title":{"rendered":"O Mnie"},"content":{"rendered":"\n<div class=\"wp-block-columns is-layout-flex wp-container-core-columns-is-layout-9d6595d7 wp-block-columns-is-layout-flex\">\n<div class=\"wp-block-column is-vertically-aligned-top is-layout-flow wp-block-column-is-layout-flow\" style=\"flex-basis:100%\">\n<h2 class=\"wp-block-heading has-text-align-center\"> Marta Namys\u0142 <\/h2>\n\n\n\n<figure class=\"wp-block-gallery aligncenter has-nested-images columns-default is-cropped wp-block-gallery-1 is-layout-flex wp-block-gallery-is-layout-flex\">\n<figure class=\"wp-block-image size-large\"><img loading=\"lazy\" decoding=\"async\" width=\"1024\" height=\"683\" data-id=\"415\" src=\"https:\/\/martanam.pl\/wp-content\/uploads\/2024\/09\/Marc-1024x683.jpg\" alt=\"\" class=\"wp-image-415\" srcset=\"https:\/\/martanam.pl\/wp-content\/uploads\/2024\/09\/Marc-1024x683.jpg 1024w, https:\/\/martanam.pl\/wp-content\/uploads\/2024\/09\/Marc-300x200.jpg 300w, https:\/\/martanam.pl\/wp-content\/uploads\/2024\/09\/Marc-768x512.jpg 768w, https:\/\/martanam.pl\/wp-content\/uploads\/2024\/09\/Marc-1536x1024.jpg 1536w, https:\/\/martanam.pl\/wp-content\/uploads\/2024\/09\/Marc-2048x1365.jpg 2048w, https:\/\/martanam.pl\/wp-content\/uploads\/2024\/09\/Marc-90x60.jpg 90w, https:\/\/martanam.pl\/wp-content\/uploads\/2024\/09\/Marc-370x247.jpg 370w, https:\/\/martanam.pl\/wp-content\/uploads\/2024\/09\/Marc-776x517.jpg 776w\" sizes=\"auto, (max-width: 1024px) 100vw, 1024px\" \/><\/figure>\n<\/figure>\n<\/div>\n<\/div>\n\n\n\n<p class=\"has-text-align-center\">Moja przygoda z masa\u017cem rozpocz\u0119\u0142a si\u0119 niewinnie &#8211; od masa\u017cu g\u0142owy u zaprzyja\u017anionego fryzjera. <\/p>\n\n\n\n<p class=\"has-text-align-center\">Zwyczajna wizyta &#8211; a doznania pozosta\u0142y ze mn\u0105 na tyle d\u0142ugo by doceni\u0107 warto\u015b\u0107 dotyku na g\u0142owie i jej poszczeg\u00f3lnych punktach i by zg\u0142\u0119bi\u0107 jego faktyczne znaczenie (nasza g\u0142owa i twarz maj\u0105 niebagatelne znaczenie dla regulacji organizmu).<\/p>\n\n\n\n<p class=\"has-text-align-center\">Po wielu latach budowania kariery &#8211; blisko swojej czterdziestki odkry\u0142am jak wa\u017cny jest powr\u00f3t do czucia, do cia\u0142a i harmonii i bardzo pragn\u0119 si\u0119 t\u0105 wiedz\u0105 z Wami podzieli\u0107. Z handlowca z 19-letnim do\u015bwiadczeniem ca\u0142kowicie przekszta\u0142ci\u0142am swoj\u0105 \u015bcie\u017ck\u0119 najpierw prywatn\u0105 a potem zawodow\u0105.  Zatem zaw\u00f3d sta\u0142 si\u0119 pasj\u0105, fascynacj\u0105 i celem rozwoju i wiem, \u017ce to przygoda na reszt\u0119 \u017cycia. Moje cia\u0142o i umys\u0142 odetchn\u0119\u0142y, a nabyte umiej\u0119tno\u015bci i wiedza sta\u0142y si\u0119 \u017ar\u00f3d\u0142em po\u017cytku, kt\u00f3ry nios\u0119 Wam &#8230; Nam .<\/p>\n\n\n\n<p class=\"has-text-align-center\">W 2018r pozna\u0142am TaiChi w szkole wspania\u0142ego nauczyciela Paw\u0142a Robaszkiewicza <a href=\"https:\/\/www.chentaichi.pl\/\">https:\/\/www.chentaichi.pl\/<\/a> &#8211; Tai Chi u\u015bwiadomi\u0142o mi obecno\u015b\u0107, wag\u0119 energii, jej przep\u0142ywu w ciele , mo\u017cliwo\u015b\u0107 nadawania jej kierunku, oraz intencji owej energii w ka\u017cdym z ruch\u00f3w. <\/p>\n\n\n\n<p class=\"has-text-align-center\"> Kocham Ziemi\u0119 , Wod\u0119 i jej d\u017awi\u0119ki doceniam warto\u015b\u0107 \u017cywio\u0142\u00f3w przejawiaj\u0105cych si\u0119 w naturze &#8211; bo natura to My .<\/p>\n\n\n\n<p class=\"has-text-align-center\">Medytuj\u0119, ucz\u0119 si\u0119 i niezmiennie fascynuj\u0119 \u015awiatem, Medycyn\u0105 Chi\u0144sk\u0105 i \u015bwiatem cz\u0119stotliwo\u015bci czyli tym w jaki spos\u00f3b przejawia si\u0119 nasza natura jej materialna i niematerialna forma.<\/p>\n\n\n\n<p class=\"has-text-align-center\">Masa\u017ce Lone Sorensensistem&#x2122; , Dien Chan Profesora Chau to moje odkrycie na to jak zharmonizowa\u0107 prac\u0119 narz\u0105d\u00f3w wewn\u0119trznych jak powr\u00f3ci\u0107 do siebie, zachowa\u0107 witalno\u015b\u0107 i zdrowie psychoemocjonalne. To spos\u00f3b by po\u015bwi\u0119ci\u0107 sobie czas i jak uczy Tradycyjna Medycyna Chi\u0144ska- to spos\u00f3b, kt\u00f3ry nada tor samodzielnej regeneracji &#8211; bo nasz organizm wie jak si\u0119 regenerowa\u0107 i odm\u0142adza\u0107, a masa\u017c refleksologiczny jedynie mu o tym przypomni.<\/p>\n\n\n\n<p class=\"has-text-align-center\">Refleksologia St\u00f3p i D\u0142oni to moja kolejna, wielka mi\u0142o\u015b\u0107 &#8211; bo praca na uk\u0142adzie nerwowym i obserwacja zmian i harmonizacji (cz\u0119sto z\u0142o\u017conych) dolegliwo\u015bci jest dla mnie niezmiennie zaskakuj\u0105ca i tak niezwyk\u0142a jak niezwyk\u0142y jest ka\u017cdy cz\u0142owiek. <\/p>\n\n\n\n<p class=\"has-text-align-center\">Uko\u0144czy\u0142am kilka szk\u00f3\u0142 refleksologii w r\u00f3\u017cnych nurtach: Instytut Lone Sorensen w Polsce,  Centrum Refleksologii Integracyjnej Magdy Bestrzy\u0144skiej,  ART Akademia Refleksologii Terapeutycznej, Multi Reflex Aademy Anny Prokop nadal odkrywam jej kolejne oblicza &#8211; aktualnie moim nauczycielem jest Dr Manzanares &#8211; tw\u00f3rca refleksologi medycznej\/naukowej.<\/p>\n\n\n\n<p class=\"has-text-align-center\">Muzykoterapia Kamertonowa &#8211; zrodzi\u0142a si\u0119 z  towarzysz\u0105cej mi od dziecka mi\u0142o\u015bci do \u015bwiata d\u017awi\u0119k\u00f3w &#8211; bez muzyki nie wyobra\u017cam sobie \u017cycia.. jest ona naturalnie towarzysz\u0105cym nam modulatorem nastroju, ale to co\u015b wi\u0119cej . Bardzo poci\u0105ga\u0142o mnie to &#8222;wi\u0119cej&#8221; &#8211; zatem uko\u0144czy\u0142am szko\u0142\u0119 Barbary Romanowskiej. Pos\u0142uguj\u0119 metod\u0105 terapii kamertonowej i ca\u0142y czas zg\u0142\u0119biam wiedz\u0119 muzykoterapii u wielu innych nauczycieli.<\/p>\n\n\n\n<p class=\"has-text-align-center\">By zdefiniowa\u0107 organizm w jego aktualnej kondycji pos\u0142uguj\u0119 si\u0119 analiz\u0105 biorezonansow\u0105 Quantum. Jest to skan z u\u017cyciem cz\u0119stotliwo\u015bci, kt\u00f3re urz\u0105dzenie przepuszcza przez cia\u0142o. Finalnie otrzymujemy wielk\u0105 dawk\u0119 informacji na temat nas samych . Informacje te s\u0105 dla mnie kolejn\u0105 wa\u017cn\u0105 wskaz\u00f3wk\u0105 jak prowadzi\u0107 Siebie ale i Was \/ Nas w drodze do r\u00f3wnowagi i zdrowia poprzez odtrucie, suplementacj\u0119, ustabilizowanie pracy uk\u0142adu nerwowego refleksologi\u0105, ba\u0144koterapi\u0105, moks\u0105, kamertonami &#8211; wszelkimi naturalnymi metodami i narz\u0119dziami jakich si\u0119 nauczy\u0142am.<\/p>\n\n\n\n<h2 class=\"wp-block-heading has-text-align-center\">Dyplomy &#8211; uprawnienia<\/h2>\n\n\n\n<figure class=\"wp-block-gallery has-nested-images columns-default is-cropped wp-block-gallery-2 is-layout-flex wp-block-gallery-is-layout-flex\">\n<figure class=\"wp-block-image size-large\"><img loading=\"lazy\" decoding=\"async\" width=\"1024\" height=\"743\" data-id=\"386\" src=\"https:\/\/martanam.pl\/wp-content\/uploads\/2023\/11\/Obraz-35-edited-1024x743.jpg\" alt=\"\" class=\"wp-image-386\" srcset=\"https:\/\/martanam.pl\/wp-content\/uploads\/2023\/11\/Obraz-35-edited-1024x743.jpg 1024w, https:\/\/martanam.pl\/wp-content\/uploads\/2023\/11\/Obraz-35-edited-300x218.jpg 300w, https:\/\/martanam.pl\/wp-content\/uploads\/2023\/11\/Obraz-35-edited-768x557.jpg 768w, https:\/\/martanam.pl\/wp-content\/uploads\/2023\/11\/Obraz-35-edited-1536x1114.jpg 1536w, https:\/\/martanam.pl\/wp-content\/uploads\/2023\/11\/Obraz-35-edited-2048x1486.jpg 2048w, https:\/\/martanam.pl\/wp-content\/uploads\/2023\/11\/Obraz-35-edited-83x60.jpg 83w\" sizes=\"auto, (max-width: 1024px) 100vw, 1024px\" \/><\/figure>\n\n\n\n<figure class=\"wp-block-image size-large\"><img loading=\"lazy\" decoding=\"async\" width=\"2338\" height=\"1696\" data-id=\"400\" src=\"https:\/\/martanam.pl\/wp-content\/uploads\/2023\/11\/Obraz-33-edited.jpg\" alt=\"\" class=\"wp-image-400\" srcset=\"https:\/\/martanam.pl\/wp-content\/uploads\/2023\/11\/Obraz-33-edited.jpg 2338w, https:\/\/martanam.pl\/wp-content\/uploads\/2023\/11\/Obraz-33-edited-300x218.jpg 300w, https:\/\/martanam.pl\/wp-content\/uploads\/2023\/11\/Obraz-33-edited-1024x743.jpg 1024w, https:\/\/martanam.pl\/wp-content\/uploads\/2023\/11\/Obraz-33-edited-768x557.jpg 768w, https:\/\/martanam.pl\/wp-content\/uploads\/2023\/11\/Obraz-33-edited-1536x1114.jpg 1536w, https:\/\/martanam.pl\/wp-content\/uploads\/2023\/11\/Obraz-33-edited-2048x1486.jpg 2048w, https:\/\/martanam.pl\/wp-content\/uploads\/2023\/11\/Obraz-33-edited-83x60.jpg 83w\" sizes=\"auto, (max-width: 2338px) 100vw, 2338px\" \/><\/figure>\n\n\n\n<figure class=\"wp-block-image size-large\"><img loading=\"lazy\" decoding=\"async\" width=\"2338\" height=\"1696\" data-id=\"399\" src=\"https:\/\/martanam.pl\/wp-content\/uploads\/2023\/11\/Obraz-32-edited.jpg\" alt=\"\" class=\"wp-image-399\" srcset=\"https:\/\/martanam.pl\/wp-content\/uploads\/2023\/11\/Obraz-32-edited.jpg 2338w, https:\/\/martanam.pl\/wp-content\/uploads\/2023\/11\/Obraz-32-edited-300x218.jpg 300w, https:\/\/martanam.pl\/wp-content\/uploads\/2023\/11\/Obraz-32-edited-1024x743.jpg 1024w, https:\/\/martanam.pl\/wp-content\/uploads\/2023\/11\/Obraz-32-edited-768x557.jpg 768w, https:\/\/martanam.pl\/wp-content\/uploads\/2023\/11\/Obraz-32-edited-1536x1114.jpg 1536w, https:\/\/martanam.pl\/wp-content\/uploads\/2023\/11\/Obraz-32-edited-2048x1486.jpg 2048w, https:\/\/martanam.pl\/wp-content\/uploads\/2023\/11\/Obraz-32-edited-83x60.jpg 83w\" sizes=\"auto, (max-width: 2338px) 100vw, 2338px\" \/><\/figure>\n\n\n\n<figure class=\"wp-block-image size-large\"><img loading=\"lazy\" decoding=\"async\" width=\"2338\" height=\"1696\" data-id=\"398\" src=\"https:\/\/martanam.pl\/wp-content\/uploads\/2023\/11\/Obraz-31-edited.jpg\" alt=\"\" class=\"wp-image-398\" srcset=\"https:\/\/martanam.pl\/wp-content\/uploads\/2023\/11\/Obraz-31-edited.jpg 2338w, https:\/\/martanam.pl\/wp-content\/uploads\/2023\/11\/Obraz-31-edited-300x218.jpg 300w, https:\/\/martanam.pl\/wp-content\/uploads\/2023\/11\/Obraz-31-edited-1024x743.jpg 1024w, https:\/\/martanam.pl\/wp-content\/uploads\/2023\/11\/Obraz-31-edited-768x557.jpg 768w, https:\/\/martanam.pl\/wp-content\/uploads\/2023\/11\/Obraz-31-edited-1536x1114.jpg 1536w, https:\/\/martanam.pl\/wp-content\/uploads\/2023\/11\/Obraz-31-edited-2048x1486.jpg 2048w, https:\/\/martanam.pl\/wp-content\/uploads\/2023\/11\/Obraz-31-edited-83x60.jpg 83w\" sizes=\"auto, (max-width: 2338px) 100vw, 2338px\" \/><\/figure>\n\n\n\n<figure class=\"wp-block-image size-large\"><img loading=\"lazy\" decoding=\"async\" width=\"2338\" height=\"1696\" data-id=\"404\" src=\"https:\/\/martanam.pl\/wp-content\/uploads\/2023\/11\/Obraz-38-edited.jpg\" alt=\"\" class=\"wp-image-404\" srcset=\"https:\/\/martanam.pl\/wp-content\/uploads\/2023\/11\/Obraz-38-edited.jpg 2338w, https:\/\/martanam.pl\/wp-content\/uploads\/2023\/11\/Obraz-38-edited-300x218.jpg 300w, https:\/\/martanam.pl\/wp-content\/uploads\/2023\/11\/Obraz-38-edited-1024x743.jpg 1024w, https:\/\/martanam.pl\/wp-content\/uploads\/2023\/11\/Obraz-38-edited-768x557.jpg 768w, https:\/\/martanam.pl\/wp-content\/uploads\/2023\/11\/Obraz-38-edited-1536x1114.jpg 1536w, https:\/\/martanam.pl\/wp-content\/uploads\/2023\/11\/Obraz-38-edited-2048x1486.jpg 2048w, https:\/\/martanam.pl\/wp-content\/uploads\/2023\/11\/Obraz-38-edited-83x60.jpg 83w\" sizes=\"auto, (max-width: 2338px) 100vw, 2338px\" \/><\/figure>\n\n\n\n<figure class=\"wp-block-image size-large\"><img loading=\"lazy\" decoding=\"async\" width=\"2338\" height=\"1696\" data-id=\"401\" src=\"https:\/\/martanam.pl\/wp-content\/uploads\/2023\/11\/Obraz-34-edited.jpg\" alt=\"\" class=\"wp-image-401\" srcset=\"https:\/\/martanam.pl\/wp-content\/uploads\/2023\/11\/Obraz-34-edited.jpg 2338w, https:\/\/martanam.pl\/wp-content\/uploads\/2023\/11\/Obraz-34-edited-300x218.jpg 300w, https:\/\/martanam.pl\/wp-content\/uploads\/2023\/11\/Obraz-34-edited-1024x743.jpg 1024w, https:\/\/martanam.pl\/wp-content\/uploads\/2023\/11\/Obraz-34-edited-768x557.jpg 768w, https:\/\/martanam.pl\/wp-content\/uploads\/2023\/11\/Obraz-34-edited-1536x1114.jpg 1536w, https:\/\/martanam.pl\/wp-content\/uploads\/2023\/11\/Obraz-34-edited-2048x1486.jpg 2048w, https:\/\/martanam.pl\/wp-content\/uploads\/2023\/11\/Obraz-34-edited-83x60.jpg 83w\" sizes=\"auto, (max-width: 2338px) 100vw, 2338px\" \/><\/figure>\n\n\n\n<figure class=\"wp-block-image size-large\"><img loading=\"lazy\" decoding=\"async\" width=\"2338\" height=\"1696\" data-id=\"402\" src=\"https:\/\/martanam.pl\/wp-content\/uploads\/2023\/11\/Obraz-36-edited.jpg\" alt=\"\" class=\"wp-image-402\" srcset=\"https:\/\/martanam.pl\/wp-content\/uploads\/2023\/11\/Obraz-36-edited.jpg 2338w, https:\/\/martanam.pl\/wp-content\/uploads\/2023\/11\/Obraz-36-edited-300x218.jpg 300w, https:\/\/martanam.pl\/wp-content\/uploads\/2023\/11\/Obraz-36-edited-1024x743.jpg 1024w, https:\/\/martanam.pl\/wp-content\/uploads\/2023\/11\/Obraz-36-edited-768x557.jpg 768w, https:\/\/martanam.pl\/wp-content\/uploads\/2023\/11\/Obraz-36-edited-1536x1114.jpg 1536w, https:\/\/martanam.pl\/wp-content\/uploads\/2023\/11\/Obraz-36-edited-2048x1486.jpg 2048w, https:\/\/martanam.pl\/wp-content\/uploads\/2023\/11\/Obraz-36-edited-83x60.jpg 83w\" sizes=\"auto, (max-width: 2338px) 100vw, 2338px\" \/><\/figure>\n\n\n\n<figure class=\"wp-block-image size-large\"><img loading=\"lazy\" decoding=\"async\" width=\"2338\" height=\"1696\" data-id=\"403\" src=\"https:\/\/martanam.pl\/wp-content\/uploads\/2023\/11\/Obraz-37-edited.jpg\" alt=\"\" class=\"wp-image-403\" srcset=\"https:\/\/martanam.pl\/wp-content\/uploads\/2023\/11\/Obraz-37-edited.jpg 2338w, https:\/\/martanam.pl\/wp-content\/uploads\/2023\/11\/Obraz-37-edited-300x218.jpg 300w, https:\/\/martanam.pl\/wp-content\/uploads\/2023\/11\/Obraz-37-edited-1024x743.jpg 1024w, https:\/\/martanam.pl\/wp-content\/uploads\/2023\/11\/Obraz-37-edited-768x557.jpg 768w, https:\/\/martanam.pl\/wp-content\/uploads\/2023\/11\/Obraz-37-edited-1536x1114.jpg 1536w, https:\/\/martanam.pl\/wp-content\/uploads\/2023\/11\/Obraz-37-edited-2048x1486.jpg 2048w, https:\/\/martanam.pl\/wp-content\/uploads\/2023\/11\/Obraz-37-edited-83x60.jpg 83w\" sizes=\"auto, (max-width: 2338px) 100vw, 2338px\" \/><\/figure>\n\n\n\n<figure class=\"wp-block-image size-large\"><img loading=\"lazy\" decoding=\"async\" width=\"2338\" height=\"1696\" data-id=\"405\" src=\"https:\/\/martanam.pl\/wp-content\/uploads\/2023\/11\/Obraz-39-edited.jpg\" alt=\"\" class=\"wp-image-405\" srcset=\"https:\/\/martanam.pl\/wp-content\/uploads\/2023\/11\/Obraz-39-edited.jpg 2338w, https:\/\/martanam.pl\/wp-content\/uploads\/2023\/11\/Obraz-39-edited-300x218.jpg 300w, https:\/\/martanam.pl\/wp-content\/uploads\/2023\/11\/Obraz-39-edited-1024x743.jpg 1024w, https:\/\/martanam.pl\/wp-content\/uploads\/2023\/11\/Obraz-39-edited-768x557.jpg 768w, https:\/\/martanam.pl\/wp-content\/uploads\/2023\/11\/Obraz-39-edited-1536x1114.jpg 1536w, https:\/\/martanam.pl\/wp-content\/uploads\/2023\/11\/Obraz-39-edited-2048x1486.jpg 2048w, https:\/\/martanam.pl\/wp-content\/uploads\/2023\/11\/Obraz-39-edited-83x60.jpg 83w\" sizes=\"auto, (max-width: 2338px) 100vw, 2338px\" \/><\/figure>\n\n\n\n<figure class=\"wp-block-image size-large\"><img loading=\"lazy\" decoding=\"async\" width=\"2338\" height=\"1696\" data-id=\"406\" src=\"https:\/\/martanam.pl\/wp-content\/uploads\/2023\/11\/Obraz-42-edited.jpg\" alt=\"\" class=\"wp-image-406\" srcset=\"https:\/\/martanam.pl\/wp-content\/uploads\/2023\/11\/Obraz-42-edited.jpg 2338w, https:\/\/martanam.pl\/wp-content\/uploads\/2023\/11\/Obraz-42-edited-300x218.jpg 300w, https:\/\/martanam.pl\/wp-content\/uploads\/2023\/11\/Obraz-42-edited-1024x743.jpg 1024w, https:\/\/martanam.pl\/wp-content\/uploads\/2023\/11\/Obraz-42-edited-768x557.jpg 768w, https:\/\/martanam.pl\/wp-content\/uploads\/2023\/11\/Obraz-42-edited-1536x1114.jpg 1536w, https:\/\/martanam.pl\/wp-content\/uploads\/2023\/11\/Obraz-42-edited-2048x1486.jpg 2048w, https:\/\/martanam.pl\/wp-content\/uploads\/2023\/11\/Obraz-42-edited-83x60.jpg 83w\" sizes=\"auto, (max-width: 2338px) 100vw, 2338px\" \/><\/figure>\n\n\n\n<figure class=\"wp-block-image size-large\"><img loading=\"lazy\" decoding=\"async\" width=\"940\" height=\"788\" data-id=\"409\" src=\"https:\/\/martanam.pl\/wp-content\/uploads\/2023\/11\/dyplom-dien-chan.png\" alt=\"\" class=\"wp-image-409\" srcset=\"https:\/\/martanam.pl\/wp-content\/uploads\/2023\/11\/dyplom-dien-chan.png 940w, https:\/\/martanam.pl\/wp-content\/uploads\/2023\/11\/dyplom-dien-chan-300x251.png 300w, https:\/\/martanam.pl\/wp-content\/uploads\/2023\/11\/dyplom-dien-chan-768x644.png 768w, https:\/\/martanam.pl\/wp-content\/uploads\/2023\/11\/dyplom-dien-chan-72x60.png 72w\" sizes=\"auto, (max-width: 940px) 100vw, 940px\" \/><\/figure>\n<\/figure>\n\n\n\n<p><\/p>\n\n\n\n<p><\/p>\n\n\n\n<p><\/p>\n","protected":false},"excerpt":{"rendered":"<p>Marta Namys\u0142 Moja przygoda z masa\u017cem rozpocz\u0119\u0142a si\u0119 niewinnie &#8211; od masa\u017cu g\u0142owy u zaprzyja\u017anionego fryzjera. Zwyczajna wizyta &#8211; a doznania pozosta\u0142y ze mn\u0105 na tyle d\u0142ugo by doceni\u0107 warto\u015b\u0107 &hellip; <\/p>\n","protected":false},"author":2,"featured_media":136,"parent":0,"menu_order":0,"comment_status":"closed","ping_status":"closed","template":"","meta":{"footnotes":""},"class_list":["post-56","page","type-page","status-publish","has-post-thumbnail","hentry"],"_links":{"self":[{"href":"https:\/\/martanam.pl\/index.php\/wp-json\/wp\/v2\/pages\/56","targetHints":{"allow":["GET"]}}],"collection":[{"href":"https:\/\/martanam.pl\/index.php\/wp-json\/wp\/v2\/pages"}],"about":[{"href":"https:\/\/martanam.pl\/index.php\/wp-json\/wp\/v2\/types\/page"}],"author":[{"embeddable":true,"href":"https:\/\/martanam.pl\/index.php\/wp-json\/wp\/v2\/users\/2"}],"replies":[{"embeddable":true,"href":"https:\/\/martanam.pl\/index.php\/wp-json\/wp\/v2\/comments?post=56"}],"version-history":[{"count":18,"href":"https:\/\/martanam.pl\/index.php\/wp-json\/wp\/v2\/pages\/56\/revisions"}],"predecessor-version":[{"id":418,"href":"https:\/\/martanam.pl\/index.php\/wp-json\/wp\/v2\/pages\/56\/revisions\/418"}],"wp:featuredmedia":[{"embeddable":true,"href":"https:\/\/martanam.pl\/index.php\/wp-json\/wp\/v2\/media\/136"}],"wp:attachment":[{"href":"https:\/\/martanam.pl\/index.php\/wp-json\/wp\/v2\/media?parent=56"}],"curies":[{"name":"wp","href":"https:\/\/api.w.org\/{rel}","templated":true}]}}