{"id":244,"date":"2022-02-03T22:10:39","date_gmt":"2022-02-03T21:10:39","guid":{"rendered":"https:\/\/martanam.pl\/?page_id=244"},"modified":"2022-02-03T22:10:40","modified_gmt":"2022-02-03T21:10:40","slug":"wskazania-i-przeciwwskazania","status":"publish","type":"page","link":"https:\/\/martanam.pl\/index.php\/wskazania-i-przeciwwskazania\/","title":{"rendered":"Wskazania i przeciwwskazania"},"content":{"rendered":"\n<p>Do stosowania refleksologicznych masa\u017cy metod\u0105 Sorensensistem&#x2122; jest o wiele wi\u0119cej wskaza\u0144 ani\u017celi przeciwwskaza\u0144 .<\/p>\n\n\n\n<p><strong>Wskazania<\/strong> <\/p>\n\n\n\n<ul class=\"wp-block-list\"><li>stres, napi\u0119cia &#8211; szczeg\u00f3lnie mi\u0119\u015bni twarzy , g\u0142owy , karku ,szyi<\/li><li>napi\u0119cie emocjonalne, dr\u0119twienia, zawroty g\u0142owy, problemy ze wzrokiem, b\u00f3le ko\u0144czyn , dolegliwo\u015bci reumatyczne, nadci\u015bnienie t\u0119tnicze, b\u00f3le fantomowe , obrz\u0119ki , zaburzenia czucia, po-udarowo<\/li><li> przy k\u0142opotach z koncentracj\u0105, przy potrzebach stymulacji sensorycznej (doro\u015bli i dzieci) , przestymulowanie (gdy uk\u0142ad nerwowy nie radzi sobie z ilo\u015bci\u0105 wra\u017ce\u0144, bod\u017ac\u00f3w ), rozdra\u017cnienie, niepok\u00f3j, problemy ze snem<\/li><li>gdy chcesz znacz\u0105co poprawi\u0107 wygl\u0105d twarzy, wzm\u00f3c produkcj\u0119 kolagenu, podnie\u015b owal twarzy, sp\u0142yci\u0107 zmarszczki <\/li><\/ul>\n\n\n\n<p><strong>Przeciwwskazania<\/strong><\/p>\n\n\n\n<ul class=\"wp-block-list\"><li>niedawne przebycie zabiegu estetycznego (ostrzykni\u0119cie hialuronem, botoxem i tym podobnymi)<\/li><li>niewygojone zmiany, rany na twarzy lub plecach, b\u0105d\u017a ostre stan zapalne sk\u00f3ry<\/li><li>nowotwory na twarzy i widoczne, zaognione zmianami na sk\u00f3rze, twarzy i szyi<\/li><li>je\u015bli Tw\u00f3j stan zdrowotny budzi twoje w\u0105tpliwo\u015bci &#8211; <strong>poinformuj nas o tym przed rezerwacj\u0105 wizyty.<br><\/strong><\/li><\/ul>\n\n\n\n<p><\/p>\n","protected":false},"excerpt":{"rendered":"<p>Do stosowania refleksologicznych masa\u017cy metod\u0105 Sorensensistem&#x2122; jest o wiele wi\u0119cej wskaza\u0144 ani\u017celi przeciwwskaza\u0144 . Wskazania stres, napi\u0119cia &#8211; szczeg\u00f3lnie mi\u0119\u015bni twarzy , g\u0142owy , karku ,szyi napi\u0119cie emocjonalne, dr\u0119twienia, zawroty &hellip; <\/p>\n","protected":false},"author":2,"featured_media":255,"parent":0,"menu_order":0,"comment_status":"closed","ping_status":"closed","template":"","meta":{"footnotes":""},"class_list":["post-244","page","type-page","status-publish","has-post-thumbnail","hentry"],"_links":{"self":[{"href":"https:\/\/martanam.pl\/index.php\/wp-json\/wp\/v2\/pages\/244","targetHints":{"allow":["GET"]}}],"collection":[{"href":"https:\/\/martanam.pl\/index.php\/wp-json\/wp\/v2\/pages"}],"about":[{"href":"https:\/\/martanam.pl\/index.php\/wp-json\/wp\/v2\/types\/page"}],"author":[{"embeddable":true,"href":"https:\/\/martanam.pl\/index.php\/wp-json\/wp\/v2\/users\/2"}],"replies":[{"embeddable":true,"href":"https:\/\/martanam.pl\/index.php\/wp-json\/wp\/v2\/comments?post=244"}],"version-history":[{"count":3,"href":"https:\/\/martanam.pl\/index.php\/wp-json\/wp\/v2\/pages\/244\/revisions"}],"predecessor-version":[{"id":258,"href":"https:\/\/martanam.pl\/index.php\/wp-json\/wp\/v2\/pages\/244\/revisions\/258"}],"wp:featuredmedia":[{"embeddable":true,"href":"https:\/\/martanam.pl\/index.php\/wp-json\/wp\/v2\/media\/255"}],"wp:attachment":[{"href":"https:\/\/martanam.pl\/index.php\/wp-json\/wp\/v2\/media?parent=244"}],"curies":[{"name":"wp","href":"https:\/\/api.w.org\/{rel}","templated":true}]}}