{"id":146,"date":"2021-12-28T20:22:14","date_gmt":"2021-12-28T19:22:14","guid":{"rendered":"https:\/\/martanam.pl\/?page_id=146"},"modified":"2022-07-25T17:53:40","modified_gmt":"2022-07-25T15:53:40","slug":"o-metodzie-2","status":"publish","type":"page","link":"https:\/\/martanam.pl\/index.php\/o-metodzie-2\/","title":{"rendered":"O metodzie"},"content":{"rendered":"<div class=\"wp-block-image is-style-default\">\n<figure class=\"alignright size-full is-resized\"><img loading=\"lazy\" decoding=\"async\" src=\"https:\/\/martanam.pl\/wp-content\/uploads\/2021\/12\/lone-Sorensen-herself.webp\" alt=\"\" class=\"wp-image-147\" width=\"235\" height=\"235\" srcset=\"https:\/\/martanam.pl\/wp-content\/uploads\/2021\/12\/lone-Sorensen-herself.webp 500w, https:\/\/martanam.pl\/wp-content\/uploads\/2021\/12\/lone-Sorensen-herself-300x300.webp 300w, https:\/\/martanam.pl\/wp-content\/uploads\/2021\/12\/lone-Sorensen-herself-150x150.webp 150w, https:\/\/martanam.pl\/wp-content\/uploads\/2021\/12\/lone-Sorensen-herself-60x60.webp 60w\" sizes=\"auto, (max-width: 235px) 100vw, 235px\" \/><\/figure>\n<\/div>\n\n\n<p>Sorensensistem&#x2122; refleksologia i terapia estetyczna twarzy jest autorsk\u0105 metod\u0105 opracowan\u0105 przez Lone Sorensen, kt\u00f3rej historia terapeutyczna si\u0119ga 1978 roku. <\/p>\n\n\n\n<p>Metoda ta jest po\u0142\u0105czeniem argenty\u0144skiej, wietnamskiej, japo\u0144skiej i tybeta\u0144skiej refleksologii oraz metod zaczerpni\u0119tych z Tradycyjnej Medycyny Chi\u0144skiej. <\/p>\n\n\n\n<p>Przez wiele lat swoich studi\u00f3w i dzia\u0142alno\u015bci terapeutycznej i badawczej Lone Sorensen naby\u0142a olbrzymi\u0105 wiedz\u0119 z wielu dziedzin terapii i po\u0142\u0105czy\u0142a je w skuteczny system pobudzania punkt\u00f3w meridianowych oraz punkt\u00f3w neuro-odruchowych. Tak powsta\u0142 Sorensensistem&#x2122; .<\/p>\n\n\n\n<p>Lone Sorensen jest laureatk\u0105 nagrody WEF Women Economic Forum.<\/p>\n\n\n\n<p><a href=\"http:\/\/www.smartredirect.de\/redir\/clickGate.php?u=IgKHHLBT&amp;m=1&amp;p=8vZ5ugFkSx&amp;t=vHbSdnLT&amp;st=&amp;s=&amp;url=https%3A%2F%2Fwefawards.in%2Fsearch.php%3Fspeakers_name%3Dsorensen%26search%3D&amp;r=https%3A%2F%2Fwww.isorensen.pl%2Flone-sorensen%2F\" target=\"_blank\" rel=\"noreferrer noopener\"><strong>Award name: Iconic Women Creating a Better World for All <\/strong>&nbsp; &nbsp; &nbsp; &nbsp; &nbsp; &nbsp; &nbsp; &nbsp; &nbsp; &nbsp; &nbsp;<\/a><\/p>\n\n\n\n<p>Lone Sorensen pochodzi z Danii i tam stawia\u0142a pierwsze kroki w dziedzinie refleksologii b\u0119d\u0105c jedn\u0105 z pierwszych certyfikowanych terapeutek w tym kraju. W Danii r\u00f3wnie\u017c za\u0142o\u017cy\u0142a sw\u00f3j pierwszy instytut , a skuteczno\u015b\u0107 jej terapii doprowadzi\u0142a do szybkiego rozwoju i rozrostu &#8211; zacz\u0119\u0142a zatem szkoli\u0107 terapeut\u00f3w. Jej droga rozwoju poprowadzi\u0142a j\u0105 do Argentyny gdzie pozna\u0142a i opisa\u0142a mapy i metody masa\u017cu twarzy rdzennych Indianek z plemienia Pehuencz\u00f3w. By\u0142o to zupe\u0142nie przypadkowe spotkanie, kt\u00f3re zaowocowa\u0142o po latach stworzeniem terapii odruchowej, kt\u00f3r\u0105 wdro\u017cy\u0142a jako metod\u0119 terapii swoich pacjent\u00f3w. Terapia odruchowa okaza\u0142a si\u0119 bardzo skuteczna dla os\u00f3b po udarach , ze stwardnieniem rozsianym, os\u00f3b niepe\u0142nosprawnych z uszkodzeniami OUN, rozszczepem kr\u0119gos\u0142upa, zespo\u0142ami genetycznymi, a popularno\u015b\u0107 jej metody ros\u0142a. Lone stworzy\u0142a nowy, trzypi\u0119trowy instytut. Mia\u0142a kilkoro asystent\u00f3w i setki student\u00f3w nadal jednak poszukiwa\u0142a skutecznych metod terapii. Tak natrafi\u0142a na metody wietnamskich lekarzy, kt\u00f3rzy jak si\u0119 okaza\u0142o korzystali nie z map akupunktury meridianowej a opracowywali punkty O\u015brodkowego Uk\u0142adu Nerwowego swoich pacjent\u00f3w. Lone wdro\u017cy\u0142a te metody do swoich terapii i poprzez baczn\u0105 obserwacj\u0119 reakcji swoich pacjent\u00f3w dopracowa\u0142a i sprecyzowa\u0142a dok\u0142adne punkty w terapii w zale\u017cno\u015bci od schorze\u0144 przybywaj\u0105cych pacjent\u00f3w. Na pocz\u0105tku lat 90. Lone kierowa\u0142a ju\u017c w Argentynie kilkupi\u0119trow\u0105 klinik\u0105 z 6 asystentami i tysi\u0105cem pacjent\u00f3w na miesi\u0105c. <\/p>\n\n\n\n<p>Przez kilkana\u015bcie lat pracy w Argentynie Lone zebra\u0142a niezaprzeczalnie najbogatsze do\u015bwiadczenia w zastosowaniu terapii odruchowej twarzy. Nikt inny nie wykona\u0142 takiej pracy badawczej. Opracowa\u0142a terapi\u0119 nowotwor\u00f3w, alergii, chor\u00f3b nerek etc. Uko\u0144czy\u0142a studia Medycyny Dalekiego Wschodu gdzie zafascynowa\u0142a si\u0119 medycyn\u0105 tybeta\u0144sk\u0105 &#8211; zw\u0142aszcza dzia\u0142em uk\u0142adu nerwowego. Tylko w metodzie Lone Sorensen pracuje si\u0119 tak precyzyjnie na receptorach nerw\u00f3w rdzeniowych i czaszkowych oraz na receptorach poszczeg\u00f3lnych struktur m\u00f3zgu.<\/p>\n\n\n\n<p>Pod koniec pobytu w Argentynie 80 proc. terapii wykonywanych w Instytucie stanowi\u0142y zabiegi refleksologii twarzy. Reszta przypada\u0142a na terapie neuro-odruchowe st\u00f3p i r\u0105k. Jak podkre\u015bla sama Lone, <em><strong>praca na twarzy jest szczeg\u00f3lnie wa\u017cna ze wzgl\u0119du na blisko\u015b\u0107 m\u00f3zgu.<\/strong><\/em><\/p>\n\n\n\n<p>13 lat pracy w Argentynie przynios\u0142o Lone sukcesy terapeutyczne i rozg\u0142os. W kraju, w kt\u00f3rym przed jej przyjazdem, nikt nie wiedzia\u0142 czym jest refleksologia, wykszta\u0142ci\u0142a 2500 terapeut\u00f3w. Pod koniec lat 90. jej szko\u0142y dzia\u0142a\u0142y w: Buenos Aires, Bahia Blanca i Mar del Plata. Lone udziela\u0142a cz\u0119sto wywiad\u00f3w w og\u00f3lnokrajowych mediach. Rozpoznawano j\u0105 na ulicy. Otrzyma\u0142a 3 tytu\u0142y honorowe od organizacji humanitarnej OMHS za dokonania terapeutyczne i rozw\u00f3j refleksologii w Argentynie.<\/p>\n\n\n\n<p>W 2001 r. du\u0144ska terapeutka przeprowadzi\u0142a si\u0119 do Hiszpanii i w Barcelonie otworzy\u0142a Mi\u0119dzynarodowy Instytut Refleksologii Twarzy\/ St\u00f3p. Zacz\u0119\u0142a rozpowszechnia\u0107 swoj\u0105 metod\u0119 w Europie i na ca\u0142ym \u015bwiecie.<\/p>\n\n\n\n<h3 class=\"wp-block-heading\" id=\"instytut-lone-sorensen-w-barcelonie-to-trzy-departamenty\">Instytut Lone Sorensen w Barcelonie to trzy departamenty:<\/h3>\n\n\n\n<p><strong>Podstawowy<\/strong>&nbsp;\u2013 terapia neuro-odruchowa twarzy, r\u0105k i st\u00f3p (Praxis Vertebralis), klasyczna refleksologia st\u00f3p TCM, tybeta\u0144ska refleksologia karku i g\u0142owy etc.<\/p>\n\n\n\n<p><strong>Rehabilitacyjny<\/strong>&nbsp;\u2013 Terapia Temprana (rehabilitacja zaburze\u0144 neurologicznych i genetycznych).<\/p>\n\n\n\n<p><strong>Estetyczny<\/strong>&nbsp;\u2013 najnowszy; w oparciu o elementy refleksologii twarzy Lone stworzy\u0142a zabiegi Japo\u0144skiego &nbsp;Cosmo lifting i Crystal liftingu; s\u0105 one pomy\u015blane jako dodatkowe techniki dla os\u00f3b, kt\u00f3re chc\u0105 si\u0119 specjalizowa\u0107 w upi\u0119kszaniu.<\/p>\n\n\n\n<p class=\"has-text-align-center\"><strong>Sorensensistem&#x2122;<\/strong>&nbsp;\u2013 to metoda rozpoznawalna na 5 kontynentach, w kilkudziesi\u0119ciu krajach. <\/p>\n\n\n\n<p class=\"has-text-align-center\">Liczba przeszkolonych terapeut\u00f3w to prawie 15 000 i ci\u0105gle ro\u015bnie.<\/p>\n\n\n\n<p><\/p>\n\n\n\n<p class=\"has-text-align-right\">*(\u017ar\u00f3d\u0142a i materia\u0142y dot. historii Lone dzi\u0119ki Polskiemu Instytutowi Lone Sorensen w Polsce)<\/p>\n","protected":false},"excerpt":{"rendered":"<p>Sorensensistem&#x2122; refleksologia i terapia estetyczna twarzy jest autorsk\u0105 metod\u0105 opracowan\u0105 przez Lone Sorensen, kt\u00f3rej historia terapeutyczna si\u0119ga 1978 roku. Metoda ta jest po\u0142\u0105czeniem argenty\u0144skiej, wietnamskiej, japo\u0144skiej i tybeta\u0144skiej refleksologii oraz &hellip; <\/p>\n","protected":false},"author":2,"featured_media":248,"parent":0,"menu_order":0,"comment_status":"closed","ping_status":"closed","template":"","meta":{"footnotes":""},"class_list":["post-146","page","type-page","status-publish","has-post-thumbnail","hentry"],"_links":{"self":[{"href":"https:\/\/martanam.pl\/index.php\/wp-json\/wp\/v2\/pages\/146","targetHints":{"allow":["GET"]}}],"collection":[{"href":"https:\/\/martanam.pl\/index.php\/wp-json\/wp\/v2\/pages"}],"about":[{"href":"https:\/\/martanam.pl\/index.php\/wp-json\/wp\/v2\/types\/page"}],"author":[{"embeddable":true,"href":"https:\/\/martanam.pl\/index.php\/wp-json\/wp\/v2\/users\/2"}],"replies":[{"embeddable":true,"href":"https:\/\/martanam.pl\/index.php\/wp-json\/wp\/v2\/comments?post=146"}],"version-history":[{"count":22,"href":"https:\/\/martanam.pl\/index.php\/wp-json\/wp\/v2\/pages\/146\/revisions"}],"predecessor-version":[{"id":302,"href":"https:\/\/martanam.pl\/index.php\/wp-json\/wp\/v2\/pages\/146\/revisions\/302"}],"wp:featuredmedia":[{"embeddable":true,"href":"https:\/\/martanam.pl\/index.php\/wp-json\/wp\/v2\/media\/248"}],"wp:attachment":[{"href":"https:\/\/martanam.pl\/index.php\/wp-json\/wp\/v2\/media?parent=146"}],"curies":[{"name":"wp","href":"https:\/\/api.w.org\/{rel}","templated":true}]}}